{"id":7,"date":"2020-12-04T16:00:48","date_gmt":"2020-12-04T15:00:48","guid":{"rendered":"http:\/\/global-health.pl\/?page_id=2"},"modified":"2022-04-21T18:15:31","modified_gmt":"2022-04-21T16:15:31","slug":"przykladowa-strona-2","status":"publish","type":"page","link":"https:\/\/swingcraze.pl\/naprawzdrowie\/","title":{"rendered":"Strona w budowie"},"content":{"rendered":"","protected":false},"excerpt":{"rendered":"<p>Potrzebujemy jeszcze troch\u0119 czasu na doko\u0144czenie strony. Dzi\u0119kujemy za wyrozumia\u0142o\u015b\u0107. W razie pyta\u0144 prosimy o bezpo\u015bredni kontakt z nami.<\/p>\n","protected":false},"author":1,"featured_media":159,"parent":0,"menu_order":0,"comment_status":"closed","ping_status":"open","template":"page-templates\/template-builder.php","meta":{"footnotes":""},"class_list":["post-7","page","type-page","status-publish","has-post-thumbnail","hentry"],"_links":{"self":[{"href":"https:\/\/swingcraze.pl\/naprawzdrowie\/wp-json\/wp\/v2\/pages\/7","targetHints":{"allow":["GET"]}}],"collection":[{"href":"https:\/\/swingcraze.pl\/naprawzdrowie\/wp-json\/wp\/v2\/pages"}],"about":[{"href":"https:\/\/swingcraze.pl\/naprawzdrowie\/wp-json\/wp\/v2\/types\/page"}],"author":[{"embeddable":true,"href":"https:\/\/swingcraze.pl\/naprawzdrowie\/wp-json\/wp\/v2\/users\/1"}],"replies":[{"embeddable":true,"href":"https:\/\/swingcraze.pl\/naprawzdrowie\/wp-json\/wp\/v2\/comments?post=7"}],"version-history":[{"count":7,"href":"https:\/\/swingcraze.pl\/naprawzdrowie\/wp-json\/wp\/v2\/pages\/7\/revisions"}],"predecessor-version":[{"id":197,"href":"https:\/\/swingcraze.pl\/naprawzdrowie\/wp-json\/wp\/v2\/pages\/7\/revisions\/197"}],"wp:featuredmedia":[{"embeddable":true,"href":"https:\/\/swingcraze.pl\/naprawzdrowie\/wp-json\/wp\/v2\/media\/159"}],"wp:attachment":[{"href":"https:\/\/swingcraze.pl\/naprawzdrowie\/wp-json\/wp\/v2\/media?parent=7"}],"curies":[{"name":"wp","href":"https:\/\/api.w.org\/{rel}","templated":true}]}}