{"id":63,"date":"2021-06-15T15:00:26","date_gmt":"2021-06-15T13:00:26","guid":{"rendered":"https:\/\/global-health.pl\/?page_id=63"},"modified":"2022-04-21T16:14:34","modified_gmt":"2022-04-21T14:14:34","slug":"damian","status":"publish","type":"page","link":"https:\/\/swingcraze.pl\/naprawzdrowie\/damian\/","title":{"rendered":"Damian"},"content":{"rendered":"\n<p><strong>Damian Majchrzak<\/strong> &#8211; fizjoterapeuta, specjalista z dziedziny ortopedii, rehabilitacji pourazowej i fizjoterapii sportowc\u00f3w.<\/p>\n\n\n\n<p>Damian, to u\u015bmiechni\u0119ty, ale konkretny go\u015b\u0107. Praktycznie nie ma pory roku, w kt\u00f3rej by si\u0119 nie szkoli\u0142 z nowoczesnych metod diagnozy i terapii. Interesuje go po\u0142\u0105czenie najlepszych cech fizjoterapii i osteopatii. Jest typem badacza i z du\u017c\u0105 konsekwencj\u0105 i efektami realizuje rehabilitacj\u0119 swoich pacjent\u00f3w.&nbsp; Damian, to nasz spec od terapii manualnej.<\/p>\n","protected":false},"excerpt":{"rendered":"<p>Fizjoterapeuta, specjalista z dziedziny ortopedii, rehabilitacji pourazowej i fizjoterapii sportowc\u00f3w.<\/p>\n","protected":false},"author":1,"featured_media":179,"parent":0,"menu_order":0,"comment_status":"closed","ping_status":"closed","template":"","meta":{"footnotes":""},"class_list":["post-63","page","type-page","status-publish","has-post-thumbnail","hentry"],"_links":{"self":[{"href":"https:\/\/swingcraze.pl\/naprawzdrowie\/wp-json\/wp\/v2\/pages\/63","targetHints":{"allow":["GET"]}}],"collection":[{"href":"https:\/\/swingcraze.pl\/naprawzdrowie\/wp-json\/wp\/v2\/pages"}],"about":[{"href":"https:\/\/swingcraze.pl\/naprawzdrowie\/wp-json\/wp\/v2\/types\/page"}],"author":[{"embeddable":true,"href":"https:\/\/swingcraze.pl\/naprawzdrowie\/wp-json\/wp\/v2\/users\/1"}],"replies":[{"embeddable":true,"href":"https:\/\/swingcraze.pl\/naprawzdrowie\/wp-json\/wp\/v2\/comments?post=63"}],"version-history":[{"count":3,"href":"https:\/\/swingcraze.pl\/naprawzdrowie\/wp-json\/wp\/v2\/pages\/63\/revisions"}],"predecessor-version":[{"id":183,"href":"https:\/\/swingcraze.pl\/naprawzdrowie\/wp-json\/wp\/v2\/pages\/63\/revisions\/183"}],"wp:featuredmedia":[{"embeddable":true,"href":"https:\/\/swingcraze.pl\/naprawzdrowie\/wp-json\/wp\/v2\/media\/179"}],"wp:attachment":[{"href":"https:\/\/swingcraze.pl\/naprawzdrowie\/wp-json\/wp\/v2\/media?parent=63"}],"curies":[{"name":"wp","href":"https:\/\/api.w.org\/{rel}","templated":true}]}}