{"id":45,"date":"2021-06-15T13:40:04","date_gmt":"2021-06-15T11:40:04","guid":{"rendered":"https:\/\/global-health.pl\/?page_id=45"},"modified":"2022-04-21T22:50:44","modified_gmt":"2022-04-21T20:50:44","slug":"jozef","status":"publish","type":"page","link":"https:\/\/swingcraze.pl\/naprawzdrowie\/jozef\/","title":{"rendered":"J\u00f3zef"},"content":{"rendered":"\n<p><strong>W Napraw Zdrowie:<\/strong><br>Za\u0142o\u017cyciel i pomys\u0142odawca Napraw Zdrowie.<br>Fizjoterapueta, dietetyk, trener<br><br><strong>Specjalno\u015b\u0107:<\/strong><br>Redukcja tkanki t\u0142uszczowej, fizjoterapia przeciwb\u00f3lowa, trening medyczny, trening kondycyjny i si\u0142owy.<br><br><strong>Wykszta\u0142cenie:<\/strong><br>Absolwent fizjoterapii, dietetyki oraz akredytowany trener personalny.<br><br><strong>Do\u015bwiadczenie:<\/strong><br>9 letnie w pracy jako trener personalny, dietetyk i instruktor zaj\u0119\u0107 grupowych.<br>4 letnie jako fizjoterapeuta, odbywaj\u0105c praktyki w r\u00f3\u017cnych plac\u00f3wkach publicznych i prywatnych.<br>Autor publikacji w tematyce dietetyki, prelegent na konferencjach po\u015bwi\u0119conych zdrowiu.<br>Uko\u0144czy\u0142 wiele kurs\u00f3w poszerzaj\u0105cych jego wiedz\u0119.<br><br><strong>Ulubiony sport:<\/strong><br>Trening sztuk walki oraz trening si\u0142owy, p\u0142ywanie<br><br><strong>Zainteresowania:<\/strong><br>Anatomia, fizjologia i motoryzacja<br><br><strong>Motto:<\/strong><br>Sp\u0119dzaj tyle czasu na doskonalenie siebie by\u015b nie mia\u0142 czasu na krytyk\u0119 innych.<\/p>\n","protected":false},"excerpt":{"rendered":"<p>Za\u0142o\u017cyciel i pomys\u0142odawca Napraw Zdrowie.<br \/>\nFizjoterapeuta, dietetyk, trener.<\/p>\n","protected":false},"author":1,"featured_media":176,"parent":0,"menu_order":0,"comment_status":"closed","ping_status":"closed","template":"","meta":{"footnotes":""},"class_list":["post-45","page","type-page","status-publish","has-post-thumbnail","hentry"],"_links":{"self":[{"href":"https:\/\/swingcraze.pl\/naprawzdrowie\/wp-json\/wp\/v2\/pages\/45","targetHints":{"allow":["GET"]}}],"collection":[{"href":"https:\/\/swingcraze.pl\/naprawzdrowie\/wp-json\/wp\/v2\/pages"}],"about":[{"href":"https:\/\/swingcraze.pl\/naprawzdrowie\/wp-json\/wp\/v2\/types\/page"}],"author":[{"embeddable":true,"href":"https:\/\/swingcraze.pl\/naprawzdrowie\/wp-json\/wp\/v2\/users\/1"}],"replies":[{"embeddable":true,"href":"https:\/\/swingcraze.pl\/naprawzdrowie\/wp-json\/wp\/v2\/comments?post=45"}],"version-history":[{"count":2,"href":"https:\/\/swingcraze.pl\/naprawzdrowie\/wp-json\/wp\/v2\/pages\/45\/revisions"}],"predecessor-version":[{"id":260,"href":"https:\/\/swingcraze.pl\/naprawzdrowie\/wp-json\/wp\/v2\/pages\/45\/revisions\/260"}],"wp:featuredmedia":[{"embeddable":true,"href":"https:\/\/swingcraze.pl\/naprawzdrowie\/wp-json\/wp\/v2\/media\/176"}],"wp:attachment":[{"href":"https:\/\/swingcraze.pl\/naprawzdrowie\/wp-json\/wp\/v2\/media?parent=45"}],"curies":[{"name":"wp","href":"https:\/\/api.w.org\/{rel}","templated":true}]}}