{"id":319,"date":"2022-08-17T12:19:20","date_gmt":"2022-08-17T10:19:20","guid":{"rendered":"http:\/\/swingcraze.pl\/naprawzdrowie\/?page_id=319"},"modified":"2022-08-17T12:19:21","modified_gmt":"2022-08-17T10:19:21","slug":"samorozwoj","status":"publish","type":"page","link":"https:\/\/swingcraze.pl\/naprawzdrowie\/samorozwoj\/","title":{"rendered":"Samorozw\u00f3j"},"content":{"rendered":"\n<p>W dziedzinie samorozwoju i psychoterapii wsp\u00f3\u0142pracujemy z mgr Mart\u0105 Szmani\u0105- Deirling z pracowni psychoterapii Triskelion.<\/p>\n\n\n\n<p>Marta regularnie przyjmuj\u0119 u nas ka\u017cdego kto chce zg\u0142\u0119bi\u0107 w\u0142asn\u0105 drog\u0119 i zyciow\u0105 misj\u0119, kto potrzebuje inspiruj\u0105cej rozmowy czy po prosu bycia wys\u0142uchanym.&nbsp; Marta , to pe\u0142na empatii i dyskrecji osoba, kt\u00f3ra jednocze\u015bnie w\u0142ada te\u017c kilkoma j\u0119zykami obcymi. Jest specjalistk\u0105 w samorozwoju, negocjacjach i komunikacji mi\u0119dzy ludzkiej.<\/p>\n\n\n\n<p>Planujemy z Mart\u0105 szereg przydatnych szkole\u0144 dla&nbsp; bran\u017cy medycznej z zakresu odpowiedniej komunikacji w gabinecie . Wi\u0119cej znajdziecie w zak\u0142adce szkolenia.<\/p>\n","protected":false},"excerpt":{"rendered":"<p>W dziedzinie samorozwoju i psychoterapii wsp\u00f3\u0142pracujemy z mgr Mart\u0105 Szmani\u0105- Deirling z pracowni psychoterapii Triskelion. Marta regularnie przyjmuj\u0119 u nas ka\u017cdego kto chce zg\u0142\u0119bi\u0107 w\u0142asn\u0105 drog\u0119 i zyciow\u0105 misj\u0119, kto potrzebuje inspiruj\u0105cej rozmowy czy po prosu bycia wys\u0142uchanym.&nbsp; Marta , to pe\u0142na empatii i dyskrecji osoba, kt\u00f3ra jednocze\u015bnie w\u0142ada te\u017c kilkoma j\u0119zykami obcymi. Jest specjalistk\u0105 [&hellip;]<\/p>\n","protected":false},"author":1,"featured_media":0,"parent":0,"menu_order":0,"comment_status":"closed","ping_status":"closed","template":"","meta":{"footnotes":""},"class_list":["post-319","page","type-page","status-publish","hentry"],"_links":{"self":[{"href":"https:\/\/swingcraze.pl\/naprawzdrowie\/wp-json\/wp\/v2\/pages\/319","targetHints":{"allow":["GET"]}}],"collection":[{"href":"https:\/\/swingcraze.pl\/naprawzdrowie\/wp-json\/wp\/v2\/pages"}],"about":[{"href":"https:\/\/swingcraze.pl\/naprawzdrowie\/wp-json\/wp\/v2\/types\/page"}],"author":[{"embeddable":true,"href":"https:\/\/swingcraze.pl\/naprawzdrowie\/wp-json\/wp\/v2\/users\/1"}],"replies":[{"embeddable":true,"href":"https:\/\/swingcraze.pl\/naprawzdrowie\/wp-json\/wp\/v2\/comments?post=319"}],"version-history":[{"count":1,"href":"https:\/\/swingcraze.pl\/naprawzdrowie\/wp-json\/wp\/v2\/pages\/319\/revisions"}],"predecessor-version":[{"id":320,"href":"https:\/\/swingcraze.pl\/naprawzdrowie\/wp-json\/wp\/v2\/pages\/319\/revisions\/320"}],"wp:attachment":[{"href":"https:\/\/swingcraze.pl\/naprawzdrowie\/wp-json\/wp\/v2\/media?parent=319"}],"curies":[{"name":"wp","href":"https:\/\/api.w.org\/{rel}","templated":true}]}}