{"id":317,"date":"2022-08-17T12:18:38","date_gmt":"2022-08-17T10:18:38","guid":{"rendered":"http:\/\/swingcraze.pl\/naprawzdrowie\/?page_id=317"},"modified":"2022-08-17T12:18:39","modified_gmt":"2022-08-17T10:18:39","slug":"dietetyka","status":"publish","type":"page","link":"https:\/\/swingcraze.pl\/naprawzdrowie\/dietetyka\/","title":{"rendered":"Dietetyka"},"content":{"rendered":"\n<p>Dietetyk\u00f3w mamy dw\u00f3ch w naszej plac\u00f3wce.<\/p>\n\n\n\n<p><strong>mgr Joanna Popek <\/strong>\u2013 specjalistka w \u017cywieniu dzieci, nasz szkoleniowec w zakresie warsztat\u00f3w neofobii \u2013 czyli dzieci\u0119cego leku przed nowymi potrawami. Asia prowadzi tak\u017ce poradnie dla rodzic\u00f3w, a przede wszystkim dla mam, kt\u00f3re karmi\u0105. Ma du\u017ce do\u015bwiadczenie kliniczne z pracy w szpitalu dzieci\u0119cym w Poznaniu.<\/p>\n\n\n\n<p>Jest przemi\u0142\u0105 i ciep\u0142\u0105 w obyciu osob\u0105, kt\u00f3ra doskonale zna swoje atuty i w po\u0142\u0105czeniu z dobrze wyposa\u017conym gabinetem zaciekawi nowym jedzeniem Twoje dzieci\u0105tko.<\/p>\n\n\n\n<p><strong>mgr J\u00f3zef Kotwas<\/strong> \u2013 dietetyk sportowc\u00f3w i os\u00f3b z przewlek\u0142ymi schorzeniami. Edukator zmiany stylu \u017cycia, a nie oderwanego od rzeczywisto\u015bci liczenia kalorii.<\/p>\n\n\n\n<p>Pasjonuje go \u017cywienie w kontek\u015bcie leczenia uporczywych schorze\u0144 takich jak cukrzyca, mia\u017cd\u017cyca, oty\u0142o\u015b\u0107. Je\u015bli chcesz skutecznie i zdrowo schudn\u0105\u0107, poprawi\u0107 wyniki bada\u0144 a tak\u017ce wyniki sportowe, to J\u00f3zef jest dietetykiem dla Ciebie. Nie b\u0119dzie Cie g\u0142aska\u0142 i przytula\u0142, ale jasno wska\u017ce drog\u0119 post\u0119powania \u017cywieniowego. Ma du\u017ce do\u015bwiadczenie prowadz\u0105c sw\u00f3j gabinet od kilku lat, a tak\u017ce \u0142\u0105czy je z 11 letnim sta\u017cem trenera personalnego i fizjoterapeuty.<\/p>\n","protected":false},"excerpt":{"rendered":"<p>Dietetyk\u00f3w mamy dw\u00f3ch w naszej plac\u00f3wce. mgr Joanna Popek \u2013 specjalistka w \u017cywieniu dzieci, nasz szkoleniowec w zakresie warsztat\u00f3w neofobii \u2013 czyli dzieci\u0119cego leku przed nowymi potrawami. Asia prowadzi tak\u017ce poradnie dla rodzic\u00f3w, a przede wszystkim dla mam, kt\u00f3re karmi\u0105. Ma du\u017ce do\u015bwiadczenie kliniczne z pracy w szpitalu dzieci\u0119cym w Poznaniu. Jest przemi\u0142\u0105 i ciep\u0142\u0105 [&hellip;]<\/p>\n","protected":false},"author":1,"featured_media":0,"parent":0,"menu_order":0,"comment_status":"closed","ping_status":"closed","template":"","meta":{"footnotes":""},"class_list":["post-317","page","type-page","status-publish","hentry"],"_links":{"self":[{"href":"https:\/\/swingcraze.pl\/naprawzdrowie\/wp-json\/wp\/v2\/pages\/317","targetHints":{"allow":["GET"]}}],"collection":[{"href":"https:\/\/swingcraze.pl\/naprawzdrowie\/wp-json\/wp\/v2\/pages"}],"about":[{"href":"https:\/\/swingcraze.pl\/naprawzdrowie\/wp-json\/wp\/v2\/types\/page"}],"author":[{"embeddable":true,"href":"https:\/\/swingcraze.pl\/naprawzdrowie\/wp-json\/wp\/v2\/users\/1"}],"replies":[{"embeddable":true,"href":"https:\/\/swingcraze.pl\/naprawzdrowie\/wp-json\/wp\/v2\/comments?post=317"}],"version-history":[{"count":1,"href":"https:\/\/swingcraze.pl\/naprawzdrowie\/wp-json\/wp\/v2\/pages\/317\/revisions"}],"predecessor-version":[{"id":318,"href":"https:\/\/swingcraze.pl\/naprawzdrowie\/wp-json\/wp\/v2\/pages\/317\/revisions\/318"}],"wp:attachment":[{"href":"https:\/\/swingcraze.pl\/naprawzdrowie\/wp-json\/wp\/v2\/media?parent=317"}],"curies":[{"name":"wp","href":"https:\/\/api.w.org\/{rel}","templated":true}]}}