{"id":315,"date":"2022-08-17T12:17:56","date_gmt":"2022-08-17T10:17:56","guid":{"rendered":"http:\/\/swingcraze.pl\/naprawzdrowie\/?page_id=315"},"modified":"2022-08-17T12:17:56","modified_gmt":"2022-08-17T10:17:56","slug":"fizjoterapia","status":"publish","type":"page","link":"https:\/\/swingcraze.pl\/naprawzdrowie\/fizjoterapia\/","title":{"rendered":"Fizjoterapia"},"content":{"rendered":"\n<p><strong>mgr Damian Majchrzak<\/strong> &#8211; fizjoterapeuta, specjalista z dziedziny ortopedii, rehabilitacji pourazowej i fizjoterapii sportowc\u00f3w. Damian, to u\u015bmiechni\u0119ty, ale konkretny go\u015b\u0107. Praktycznie nie ma pory roku, w kt\u00f3rej by si\u0119 nie szkoli\u0142 z nowoczesnych metod diagnozy i terapii. Interesuje go po\u0142\u0105czenie najlepszych cech fizjoterapii i osteopatii. Jest typem badacza i z du\u017c\u0105 konsekwencj\u0105 i efektami realizuje rehabilitacj\u0119 swoich pacjent\u00f3w.\u00a0 Damian, to nasz spec od terapii manualnej.<\/p>\n\n\n\n<p><strong>mgr J\u00f3zef Kotwas<\/strong> &#8211; fizjoterapeuta od redukcji b\u00f3lu, kt\u00f3ry ogromn\u0105 rol\u0119 terapeutyczn\u0105 przypisuje zmianom nawyk\u00f3w oraz \u0107wiczeniom. J\u00f3zef to weso\u0142y i skuteczny terapeuta. W holistyczny spos\u00f3b podchodzi do leczenia cia\u0142a, g\u0142\u0119boko szuka przyczyny b\u00f3lu. Dok\u0142adnie analizuje pacjenta pod k\u0105tem \u017cywienia, stresu oraz test\u00f3w funkcjonalnych cia\u0142a. Tak jak Damian bardzo lubi pracowa\u0107 ze sportowcami i wychwytywa\u0107 b\u0142\u0119dy wzorca ruchu, kt\u00f3re mog\u0105 przyczynia\u0107 si\u0119 do kontuzji. O J\u00f3zefie powiemy Fizjoterapeuta \u2013 Trener.<\/p>\n","protected":false},"excerpt":{"rendered":"<p>mgr Damian Majchrzak &#8211; fizjoterapeuta, specjalista z dziedziny ortopedii, rehabilitacji pourazowej i fizjoterapii sportowc\u00f3w. Damian, to u\u015bmiechni\u0119ty, ale konkretny go\u015b\u0107. Praktycznie nie ma pory roku, w kt\u00f3rej by si\u0119 nie szkoli\u0142 z nowoczesnych metod diagnozy i terapii. Interesuje go po\u0142\u0105czenie najlepszych cech fizjoterapii i osteopatii. Jest typem badacza i z du\u017c\u0105 konsekwencj\u0105 i efektami realizuje [&hellip;]<\/p>\n","protected":false},"author":1,"featured_media":0,"parent":0,"menu_order":0,"comment_status":"closed","ping_status":"closed","template":"","meta":{"footnotes":""},"class_list":["post-315","page","type-page","status-publish","hentry"],"_links":{"self":[{"href":"https:\/\/swingcraze.pl\/naprawzdrowie\/wp-json\/wp\/v2\/pages\/315","targetHints":{"allow":["GET"]}}],"collection":[{"href":"https:\/\/swingcraze.pl\/naprawzdrowie\/wp-json\/wp\/v2\/pages"}],"about":[{"href":"https:\/\/swingcraze.pl\/naprawzdrowie\/wp-json\/wp\/v2\/types\/page"}],"author":[{"embeddable":true,"href":"https:\/\/swingcraze.pl\/naprawzdrowie\/wp-json\/wp\/v2\/users\/1"}],"replies":[{"embeddable":true,"href":"https:\/\/swingcraze.pl\/naprawzdrowie\/wp-json\/wp\/v2\/comments?post=315"}],"version-history":[{"count":1,"href":"https:\/\/swingcraze.pl\/naprawzdrowie\/wp-json\/wp\/v2\/pages\/315\/revisions"}],"predecessor-version":[{"id":316,"href":"https:\/\/swingcraze.pl\/naprawzdrowie\/wp-json\/wp\/v2\/pages\/315\/revisions\/316"}],"wp:attachment":[{"href":"https:\/\/swingcraze.pl\/naprawzdrowie\/wp-json\/wp\/v2\/media?parent=315"}],"curies":[{"name":"wp","href":"https:\/\/api.w.org\/{rel}","templated":true}]}}