{"id":248,"date":"2022-04-21T19:55:45","date_gmt":"2022-04-21T17:55:45","guid":{"rendered":"http:\/\/swingcraze.pl\/naprawzdrowie\/?page_id=248"},"modified":"2022-08-17T11:21:05","modified_gmt":"2022-08-17T09:21:05","slug":"szkolenia","status":"publish","type":"page","link":"https:\/\/swingcraze.pl\/naprawzdrowie\/szkolenia\/","title":{"rendered":"Szkolenia"},"content":{"rendered":"\n<p>Planujemy szereg szkole\u0144 z dziedziny:<\/p>\n\n\n\n<ul class=\"wp-block-list\"><li>fizjoterapii sportowej<\/li><li>dietetyki<\/li><li>psychologii<\/li><\/ul>\n\n\n\n<p>Na bie\u017c\u0105co b\u0119dziemy t\u0119 kategori\u0119 od\u015bwie\u017cali.<\/p>\n","protected":false},"excerpt":{"rendered":"<p>Planujemy szereg szkole\u0144 z dziedziny: fizjoterapii sportowej dietetyki psychologii Na bie\u017c\u0105co b\u0119dziemy t\u0119 kategori\u0119 od\u015bwie\u017cali.<\/p>\n","protected":false},"author":1,"featured_media":0,"parent":0,"menu_order":0,"comment_status":"closed","ping_status":"closed","template":"","meta":{"footnotes":""},"class_list":["post-248","page","type-page","status-publish","hentry"],"_links":{"self":[{"href":"https:\/\/swingcraze.pl\/naprawzdrowie\/wp-json\/wp\/v2\/pages\/248","targetHints":{"allow":["GET"]}}],"collection":[{"href":"https:\/\/swingcraze.pl\/naprawzdrowie\/wp-json\/wp\/v2\/pages"}],"about":[{"href":"https:\/\/swingcraze.pl\/naprawzdrowie\/wp-json\/wp\/v2\/types\/page"}],"author":[{"embeddable":true,"href":"https:\/\/swingcraze.pl\/naprawzdrowie\/wp-json\/wp\/v2\/users\/1"}],"replies":[{"embeddable":true,"href":"https:\/\/swingcraze.pl\/naprawzdrowie\/wp-json\/wp\/v2\/comments?post=248"}],"version-history":[{"count":3,"href":"https:\/\/swingcraze.pl\/naprawzdrowie\/wp-json\/wp\/v2\/pages\/248\/revisions"}],"predecessor-version":[{"id":267,"href":"https:\/\/swingcraze.pl\/naprawzdrowie\/wp-json\/wp\/v2\/pages\/248\/revisions\/267"}],"wp:attachment":[{"href":"https:\/\/swingcraze.pl\/naprawzdrowie\/wp-json\/wp\/v2\/media?parent=248"}],"curies":[{"name":"wp","href":"https:\/\/api.w.org\/{rel}","templated":true}]}}