{"id":24,"date":"2021-02-05T18:24:29","date_gmt":"2021-02-05T17:24:29","guid":{"rendered":"https:\/\/global-health.pl\/?page_id=24"},"modified":"2021-02-05T18:24:29","modified_gmt":"2021-02-05T17:24:29","slug":"indywidualnie","status":"publish","type":"page","link":"https:\/\/swingcraze.pl\/naprawzdrowie\/indywidualnie\/","title":{"rendered":"Indywidualnie"},"content":{"rendered":"\n<p>Indywidualne podej\u015bcie do ka\u017cdego z uczestnik\u00f3w.<\/p>\n","protected":false},"excerpt":{"rendered":"<p>Indywidualne podej\u015bcie do ka\u017cdego z uczestnik\u00f3w.<\/p>\n","protected":false},"author":1,"featured_media":0,"parent":0,"menu_order":0,"comment_status":"closed","ping_status":"closed","template":"","meta":{"footnotes":""},"class_list":["post-24","page","type-page","status-publish","hentry"],"_links":{"self":[{"href":"https:\/\/swingcraze.pl\/naprawzdrowie\/wp-json\/wp\/v2\/pages\/24","targetHints":{"allow":["GET"]}}],"collection":[{"href":"https:\/\/swingcraze.pl\/naprawzdrowie\/wp-json\/wp\/v2\/pages"}],"about":[{"href":"https:\/\/swingcraze.pl\/naprawzdrowie\/wp-json\/wp\/v2\/types\/page"}],"author":[{"embeddable":true,"href":"https:\/\/swingcraze.pl\/naprawzdrowie\/wp-json\/wp\/v2\/users\/1"}],"replies":[{"embeddable":true,"href":"https:\/\/swingcraze.pl\/naprawzdrowie\/wp-json\/wp\/v2\/comments?post=24"}],"version-history":[{"count":0,"href":"https:\/\/swingcraze.pl\/naprawzdrowie\/wp-json\/wp\/v2\/pages\/24\/revisions"}],"wp:attachment":[{"href":"https:\/\/swingcraze.pl\/naprawzdrowie\/wp-json\/wp\/v2\/media?parent=24"}],"curies":[{"name":"wp","href":"https:\/\/api.w.org\/{rel}","templated":true}]}}