{"id":185,"date":"2022-04-21T16:18:51","date_gmt":"2022-04-21T14:18:51","guid":{"rendered":"http:\/\/swingcraze.pl\/naprawzdrowie\/?page_id=185"},"modified":"2022-04-21T20:04:21","modified_gmt":"2022-04-21T18:04:21","slug":"joanna","status":"publish","type":"page","link":"https:\/\/swingcraze.pl\/naprawzdrowie\/joanna\/","title":{"rendered":"Joanna"},"content":{"rendered":"\n<p><strong>Joanna Popek <\/strong>\u2013 specjalistka w \u017cywieniu dzieci, nasz szkoleniowiec w zakresie warsztat\u00f3w neofobii \u2013 czyli dzieci\u0119cego leku przed nowymi potrawami. Asia prowadzi tak\u017ce poradnie dla rodzic\u00f3w, a przede wszystkim dla mam, kt\u00f3re karmi\u0105. Ma du\u017ce do\u015bwiadczenie kliniczne z pracy w szpitalu dzieci\u0119cym w Poznaniu.<\/p>\n\n\n\n<p>Jest przemi\u0142\u0105 i ciep\u0142\u0105 w obyciu osob\u0105, kt\u00f3ra doskonale zna swoje atuty i w po\u0142\u0105czeniu z dobrze wyposa\u017conym gabinetem zaciekawi nowym jedzeniem Twoje dzieci\u0105tko.<\/p>\n","protected":false},"excerpt":{"rendered":"<p>Specjalistka w \u017cywieniu dzieci, szkoleniowiec w zakresie warsztat\u00f3w neofobii.<\/p>\n","protected":false},"author":1,"featured_media":256,"parent":0,"menu_order":0,"comment_status":"closed","ping_status":"closed","template":"","meta":{"footnotes":""},"class_list":["post-185","page","type-page","status-publish","has-post-thumbnail","hentry"],"_links":{"self":[{"href":"https:\/\/swingcraze.pl\/naprawzdrowie\/wp-json\/wp\/v2\/pages\/185","targetHints":{"allow":["GET"]}}],"collection":[{"href":"https:\/\/swingcraze.pl\/naprawzdrowie\/wp-json\/wp\/v2\/pages"}],"about":[{"href":"https:\/\/swingcraze.pl\/naprawzdrowie\/wp-json\/wp\/v2\/types\/page"}],"author":[{"embeddable":true,"href":"https:\/\/swingcraze.pl\/naprawzdrowie\/wp-json\/wp\/v2\/users\/1"}],"replies":[{"embeddable":true,"href":"https:\/\/swingcraze.pl\/naprawzdrowie\/wp-json\/wp\/v2\/comments?post=185"}],"version-history":[{"count":1,"href":"https:\/\/swingcraze.pl\/naprawzdrowie\/wp-json\/wp\/v2\/pages\/185\/revisions"}],"predecessor-version":[{"id":186,"href":"https:\/\/swingcraze.pl\/naprawzdrowie\/wp-json\/wp\/v2\/pages\/185\/revisions\/186"}],"wp:featuredmedia":[{"embeddable":true,"href":"https:\/\/swingcraze.pl\/naprawzdrowie\/wp-json\/wp\/v2\/media\/256"}],"wp:attachment":[{"href":"https:\/\/swingcraze.pl\/naprawzdrowie\/wp-json\/wp\/v2\/media?parent=185"}],"curies":[{"name":"wp","href":"https:\/\/api.w.org\/{rel}","templated":true}]}}